{"id":29,"date":"2022-02-24T15:15:46","date_gmt":"2022-02-24T14:15:46","guid":{"rendered":"http:\/\/ines_crimi.dc-project.fr\/Portfolio\/?page_id=29"},"modified":"2024-06-25T13:05:09","modified_gmt":"2024-06-25T11:05:09","slug":"a-propos","status":"publish","type":"page","link":"https:\/\/inescrimi.fr\/index.php\/a-propos\/","title":{"rendered":"\u00c0 propos"},"content":{"rendered":"\t\t<div data-elementor-type=\"wp-page\" data-elementor-id=\"29\" class=\"elementor elementor-29\" data-elementor-post-type=\"page\">\n\t\t\t\t\t\t<section class=\"elementor-section elementor-top-section elementor-element elementor-element-c1af591 elementor-section-boxed elementor-section-height-default elementor-section-height-default\" data-id=\"c1af591\" data-element_type=\"section\">\n\t\t\t\t\t\t<div class=\"elementor-container elementor-column-gap-default\">\n\t\t\t\t\t<div class=\"elementor-column elementor-col-33 elementor-top-column elementor-element elementor-element-0c337cc\" data-id=\"0c337cc\" data-element_type=\"column\">\n\t\t\t<div class=\"elementor-widget-wrap elementor-element-populated\">\n\t\t\t\t\t\t<div class=\"elementor-element elementor-element-0339be4 elementor-widget elementor-widget-image\" data-id=\"0339be4\" data-element_type=\"widget\" data-widget_type=\"image.default\">\n\t\t\t\t<div class=\"elementor-widget-container\">\n\t\t\t<style>\/*! elementor - v3.22.0 - 17-06-2024 *\/\n.elementor-widget-image{text-align:center}.elementor-widget-image a{display:inline-block}.elementor-widget-image a img[src$=\".svg\"]{width:48px}.elementor-widget-image img{vertical-align:middle;display:inline-block}<\/style>\t\t\t\t\t\t\t\t\t\t<img fetchpriority=\"high\" decoding=\"async\" width=\"1024\" height=\"1024\" src=\"https:\/\/inescrimi.fr\/wp-content\/uploads\/2022\/06\/ines_crimi-graphisme-design-edition-affiche-poster-1024x1024.jpg\" class=\"attachment-large size-large wp-image-1105\" alt=\"\" srcset=\"https:\/\/inescrimi.fr\/wp-content\/uploads\/2022\/06\/ines_crimi-graphisme-design-edition-affiche-poster-1024x1024.jpg 1024w, https:\/\/inescrimi.fr\/wp-content\/uploads\/2022\/06\/ines_crimi-graphisme-design-edition-affiche-poster-300x300.jpg 300w, https:\/\/inescrimi.fr\/wp-content\/uploads\/2022\/06\/ines_crimi-graphisme-design-edition-affiche-poster-150x150.jpg 150w, https:\/\/inescrimi.fr\/wp-content\/uploads\/2022\/06\/ines_crimi-graphisme-design-edition-affiche-poster-768x768.jpg 768w, https:\/\/inescrimi.fr\/wp-content\/uploads\/2022\/06\/ines_crimi-graphisme-design-edition-affiche-poster-1536x1536.jpg 1536w, https:\/\/inescrimi.fr\/wp-content\/uploads\/2022\/06\/ines_crimi-graphisme-design-edition-affiche-poster-2048x2048.jpg 2048w\" sizes=\"(max-width: 1024px) 100vw, 1024px\" \/>\t\t\t\t\t\t\t\t\t\t\t\t\t<\/div>\n\t\t\t\t<\/div>\n\t\t\t\t<div class=\"elementor-element elementor-element-d2b4880 elementor-widget elementor-widget-text-editor\" data-id=\"d2b4880\" data-element_type=\"widget\" data-widget_type=\"text-editor.default\">\n\t\t\t\t<div class=\"elementor-widget-container\">\n\t\t\t<style>\/*! elementor - v3.22.0 - 17-06-2024 *\/\n.elementor-widget-text-editor.elementor-drop-cap-view-stacked .elementor-drop-cap{background-color:#69727d;color:#fff}.elementor-widget-text-editor.elementor-drop-cap-view-framed .elementor-drop-cap{color:#69727d;border:3px solid;background-color:transparent}.elementor-widget-text-editor:not(.elementor-drop-cap-view-default) .elementor-drop-cap{margin-top:8px}.elementor-widget-text-editor:not(.elementor-drop-cap-view-default) .elementor-drop-cap-letter{width:1em;height:1em}.elementor-widget-text-editor .elementor-drop-cap{float:left;text-align:center;line-height:1;font-size:50px}.elementor-widget-text-editor .elementor-drop-cap-letter{display:inline-block}<\/style>\t\t\t\t<p><mark>Bonjour et bienvenus sur mon site!<\/mark><\/p><div class=\"page\" title=\"Page 1\"><div class=\"section\"><div class=\"layoutArea\"><div class=\"column\"><p>Jeune Directrice Artistique qui de\u0301barque avec enthousiasme sur le marche\u0301. J\u2019appre\u0301cie<br \/>la diversite\u0301 de ce me\u0301tier. Chaque projet m\u2019offre l\u2019opportunite\u0301 unique de plonger dans un univers spe\u0301cifique, en explorant les moindres de\u0301tails des activite\u0301s de mes clients.<\/p><p>Ma curiosite\u0301 et mon amour de la de\u0301couverte font de chaque collaboration une aventure passionnante. Ha\u0302te de relever de nouveaux de\u0301fis artistiques avec vous !<\/p><\/div><\/div><\/div><\/div>\t\t\t\t\t\t<\/div>\n\t\t\t\t<\/div>\n\t\t\t\t\t<\/div>\n\t\t<\/div>\n\t\t\t\t<div class=\"elementor-column elementor-col-33 elementor-top-column elementor-element elementor-element-0f45c18\" data-id=\"0f45c18\" data-element_type=\"column\">\n\t\t\t<div class=\"elementor-widget-wrap elementor-element-populated\">\n\t\t\t\t\t\t<div class=\"elementor-element elementor-element-fa7ed66 elementor-widget elementor-widget-text-editor\" data-id=\"fa7ed66\" data-element_type=\"widget\" data-widget_type=\"text-editor.default\">\n\t\t\t\t<div class=\"elementor-widget-container\">\n\t\t\t\t\t\t\tFormation\t\t\t\t\t\t<\/div>\n\t\t\t\t<\/div>\n\t\t\t\t<div class=\"elementor-element elementor-element-5eebcee elementor-widget elementor-widget-text-editor\" data-id=\"5eebcee\" data-element_type=\"widget\" data-widget_type=\"text-editor.default\">\n\t\t\t\t<div class=\"elementor-widget-container\">\n\t\t\t\t\t\t\t<div class=\"page\" title=\"Page 1\"><div class=\"section\"><div class=\"layoutArea\"><div class=\"column\"><p>Apr\u00e8s mon baccalaur\u00e9at \u00e9conomique et social en 2017, j&rsquo;ai fait une Mise \u00e0 Niveau en Arts appliqu\u00e9s au lyc\u00e9e Auguste Renoir \u00e0 Paris. Je suis ensuite entr\u00e9e en BTS Design graphique option communication et m\u00e9dias imprim\u00e9s en 2018 dans le m\u00eame \u00e9tablissement.<\/p><\/div><\/div><\/div><\/div><p>Suite \u00e0 l&rsquo;obtention de mon dipl\u00f4me en 2020 j&rsquo;ai d\u00e9cid\u00e9 de faire une ann\u00e9e de c\u00e9sure pour r\u00e9aliser un r\u00eave : faire de l&rsquo;humanitaire. J&rsquo;ai donc travaill\u00e9 6 mois en tant qu&rsquo;Assistante d&rsquo;\u00c9ducation au lyc\u00e9e L\u00e9opold S\u00e9dar Senghor \u00e0 Magnanville. Puis 6 mois apr\u00e8s me voil\u00e0 partie pour le Kenya o\u00f9 j&rsquo;ai fait du b\u00e9n\u00e9volat dans un orphelinat.<\/p><p>En revenant en France, je voulais compl\u00e9ter ma formation, notamment vers le num\u00e9rique, je suis donc rentr\u00e9e \u00e0 LISAA Toulouse en 3e ann\u00e9e de Bachelor Design Graphique, puis j&rsquo;ai continu\u00e9 en Master Direction artistique.<\/p>\t\t\t\t\t\t<\/div>\n\t\t\t\t<\/div>\n\t\t\t\t\t<\/div>\n\t\t<\/div>\n\t\t\t\t<div class=\"elementor-column elementor-col-33 elementor-top-column elementor-element elementor-element-dc0c71b\" data-id=\"dc0c71b\" data-element_type=\"column\">\n\t\t\t<div class=\"elementor-widget-wrap elementor-element-populated\">\n\t\t\t\t\t\t<div class=\"elementor-element elementor-element-c5568f5 elementor-widget elementor-widget-text-editor\" data-id=\"c5568f5\" data-element_type=\"widget\" data-widget_type=\"text-editor.default\">\n\t\t\t\t<div class=\"elementor-widget-container\">\n\t\t\t\t\t\t\t<p>Exp\u00e9riences professionnelles<\/p>\t\t\t\t\t\t<\/div>\n\t\t\t\t<\/div>\n\t\t\t\t<div class=\"elementor-element elementor-element-0b1a092 elementor-widget elementor-widget-text-editor\" data-id=\"0b1a092\" data-element_type=\"widget\" data-widget_type=\"text-editor.default\">\n\t\t\t\t<div class=\"elementor-widget-container\">\n\t\t\t\t\t\t\t<h5 style=\"font-weight: 900; margin-bottom: 1px;\">Alternance \u00e0 Bito\u00f1o<\/h5><p>Depuis octobre 2022<br \/>Atelier de s\u00e9rigraphie, sc\u00e9nographie et de design graphique, Toulouse<br \/>actuellement<\/p><h5 style=\"font-weight: 900; margin-bottom: 1px;\">Alternance \u00e0 C\u2019laCom<\/h5><p>De septembre 2021 \u00e0 septembre 2022<br \/>Agence de communication, Toulouse<\/p><h5 style=\"font-weight: 900; margin-bottom: 1px;\">Stage de graphisme \u00e0 Barcelona&amp;Co<\/h5><p>juin \/ juillet 2019<br \/>Agence de communication, N\u00eemes<br \/>1 mois<\/p><h5 style=\"font-weight: 900; margin-bottom: 1px;\">Stage de graphisme aux Studios singuliers<\/h5><p>mai \/ juin 2019<br \/>Studio de coworking, Paris 18e<br \/>1 mois<\/p><h5 style=\"font-weight: 900; margin-bottom: 1px;\">Imprimea<\/h5><p>octobre 2018<br \/>Imprimerie num\u00e9rique, Rosny-sur-Seine, \u00cele-de-France<br \/>1 semaine<\/p>\t\t\t\t\t\t<\/div>\n\t\t\t\t<\/div>\n\t\t\t\t<div class=\"elementor-element elementor-element-4f73acc elementor-widget elementor-widget-text-editor\" data-id=\"4f73acc\" data-element_type=\"widget\" data-widget_type=\"text-editor.default\">\n\t\t\t\t<div class=\"elementor-widget-container\">\n\t\t\t\t\t\t\t<p>Autres exp\u00e9riences professionnelles<\/p>\t\t\t\t\t\t<\/div>\n\t\t\t\t<\/div>\n\t\t\t\t<div class=\"elementor-element elementor-element-7157b20 elementor-widget elementor-widget-text-editor\" data-id=\"7157b20\" data-element_type=\"widget\" data-widget_type=\"text-editor.default\">\n\t\t\t\t<div class=\"elementor-widget-container\">\n\t\t\t\t\t\t\t<h5 style=\"font-weight: 900; margin-bottom: 1px;\">B\u00e9n\u00e9volat international<\/h5>\nmars \/ mai 2021<br>\nMission humanitaire dans un orphelinat  avec CIVS kenya et Solidarit\u00e9s Jeunesses. Nairobi, Kenya\n<br><br>\n\n<h5 style=\"font-weight: 900; margin-bottom: 1px;\">Assistante p\u00e9dagogique<\/h5>\nseptembre  2020 \/ mars 2021<br>\nCours de soutien pour les \u00e9l\u00e8ves en difficult\u00e9, gestion des r\u00e8gles de vie au sein du lyc\u00e9e, surveillance, participation \u00e0 des projets avec les lyc\u00e9ens. <br>Lyc\u00e9e L\u00e9opold S\u00e9dar Senghor, Magnanville\n<br><br>\n\n<h5 style=\"font-weight: 900; margin-bottom: 1px;\">Serveuse en restaurant<\/h5>\njanvier 2018 \/ ao\u00fbt 2020<br>\nLyc\u00e9e L\u00e9opold S\u00e9dar Senghor, Magnanville\n<br><br>\t\t\t\t\t\t<\/div>\n\t\t\t\t<\/div>\n\t\t\t\t\t<\/div>\n\t\t<\/div>\n\t\t\t\t\t<\/div>\n\t\t<\/section>\n\t\t\t\t<\/div>\n\t\t","protected":false},"excerpt":{"rendered":"<p>Bonjour et bienvenus sur mon site! Jeune Directrice Artistique qui de\u0301barque avec enthousiasme sur le marche\u0301. J\u2019appre\u0301ciela diversite\u0301 de ce me\u0301tier. Chaque projet m\u2019offre l\u2019opportunite\u0301 unique de plonger dans un univers spe\u0301cifique, en explorant les moindres de\u0301tails des activite\u0301s de mes clients. Ma curiosite\u0301 et mon amour de la de\u0301couverte font de chaque collaboration une [&hellip;]<\/p>\n","protected":false},"author":1,"featured_media":0,"parent":0,"menu_order":0,"comment_status":"closed","ping_status":"closed","template":"elementor_header_footer","meta":{"footnotes":""},"class_list":["post-29","page","type-page","status-publish","hentry","entry"],"_links":{"self":[{"href":"https:\/\/inescrimi.fr\/index.php\/wp-json\/wp\/v2\/pages\/29","targetHints":{"allow":["GET"]}}],"collection":[{"href":"https:\/\/inescrimi.fr\/index.php\/wp-json\/wp\/v2\/pages"}],"about":[{"href":"https:\/\/inescrimi.fr\/index.php\/wp-json\/wp\/v2\/types\/page"}],"author":[{"embeddable":true,"href":"https:\/\/inescrimi.fr\/index.php\/wp-json\/wp\/v2\/users\/1"}],"replies":[{"embeddable":true,"href":"https:\/\/inescrimi.fr\/index.php\/wp-json\/wp\/v2\/comments?post=29"}],"version-history":[{"count":52,"href":"https:\/\/inescrimi.fr\/index.php\/wp-json\/wp\/v2\/pages\/29\/revisions"}],"predecessor-version":[{"id":2517,"href":"https:\/\/inescrimi.fr\/index.php\/wp-json\/wp\/v2\/pages\/29\/revisions\/2517"}],"wp:attachment":[{"href":"https:\/\/inescrimi.fr\/index.php\/wp-json\/wp\/v2\/media?parent=29"}],"curies":[{"name":"wp","href":"https:\/\/api.w.org\/{rel}","templated":true}]}}